{"id":1476,"date":"2025-02-05T15:56:42","date_gmt":"2025-02-05T14:56:42","guid":{"rendered":"https:\/\/www.elnagh.com\/?page_id=1476"},"modified":"2025-02-05T16:11:33","modified_gmt":"2025-02-05T15:11:33","slug":"sobre-nosotros","status":"publish","type":"page","link":"https:\/\/www.elnagh.com\/es\/sobre-nosotros\/","title":{"rendered":"Sobre nosotros"},"content":{"rendered":"<p><img loading=\"lazy\" decoding=\"async\" class=\"wp-image-1477 aligncenter\" src=\"https:\/\/www.elnagh.com\/wp-content\/uploads\/2025\/02\/Chi-siamo-ES_a1800x900-300x100.jpg\" alt=\"\" width=\"849\" height=\"283\" srcset=\"https:\/\/www.elnagh.com\/wp-content\/uploads\/2025\/02\/Chi-siamo-ES_a1800x900-300x100.jpg 300w, https:\/\/www.elnagh.com\/wp-content\/uploads\/2025\/02\/Chi-siamo-ES_a1800x900-1024x341.jpg 1024w, https:\/\/www.elnagh.com\/wp-content\/uploads\/2025\/02\/Chi-siamo-ES_a1800x900-768x256.jpg 768w, https:\/\/www.elnagh.com\/wp-content\/uploads\/2025\/02\/Chi-siamo-ES_a1800x900-1536x512.jpg 1536w, https:\/\/www.elnagh.com\/wp-content\/uploads\/2025\/02\/Chi-siamo-ES_a1800x900-2048x683.jpg 2048w\" sizes=\"auto, (max-width: 849px) 100vw, 849px\" \/><\/p>\n<h3>\nARQUITECTOS DE IDEAS<\/h3>\n<p>Elnagh es parte integrante del sector de veh\u00edculos recreativos y, de hecho, con su desarrollo se ha adaptado a la evoluci\u00f3n de las vacaciones al aire libre y a sus muchos entusiastas.<\/p>\n<p><strong>La atenci\u00f3n al detalle y el dise\u00f1o italiano son las caracter\u00edsticas estil\u00edsticas<\/strong>\u00a0de una empresa que se ha convertido en un referente para los apasionados de las vacaciones itinerantes, porque cada uno de sus productos plasma claramente lo que siempre la ha caracterizado: Elnagh es una marca que crea y revisa el concepto de viajar en movimiento todos los d\u00edas, brindando soluciones funcionales y elegantes con esa atenci\u00f3n al detalle que \u00fanicamente una s\u00f3lida experiencia de m\u00e1s de diez a\u00f1os puede ofrecer.<\/p>\n<p>Elnagh es la marca de quienes buscan\u00a0<strong>soluciones pr\u00e1cticas y funcionales<\/strong>. La belleza y la practicidad son solo algunas de las caracter\u00edsticas de sus veh\u00edculos que se caracterizan sobre todo por la riqueza de los contenidos.<\/p>\n<p>&nbsp;<\/p>\n<h3>SOLUCIONES INTELIGENTES PARA LA VIDA COTIDIANA A BORDO<\/h3>\n<p>Para Elnagh, el dise\u00f1o es esencia. La distribuci\u00f3n de sus autocaravanas se basa en la practicidad, para un aprovechamiento \u00f3ptimo del espacio.<\/p>\n<p>A bordo de una autocaravana Elnagh es f\u00e1cil encontrar soluciones sencillas e ingeniosas para que la vida en una autocaravana sea m\u00e1s c\u00f3moda, segura y pr\u00e1ctica.\u00a0<strong>Un estilo bonito y funcional<\/strong>\u00a0al alcance de todos, sin renunciar al confort del viaje.<\/p>\n<p>Las autocaravanas Elnagh destacan por su pr\u00e1ctica distribuci\u00f3n, pero no renuncian al gusto est\u00e9tico, con especial atenci\u00f3n al confort a bordo. Son productos que se mantienen constantes en el tiempo sin pasar nunca de moda, tanto que orgullosamente pueden ofrecer una\u00a0<strong>garant\u00eda de 10 a\u00f1os contra filtraciones en la carrocer\u00eda<\/strong>.<\/p>\n<p>&nbsp;<\/p>\n<h3>EN LAS CARRETERAS DEL MUNDO DESDE HACE M\u00c1S DE 60 A\u00d1OS<\/h3>\n<p>&nbsp;<\/p>\n<p>Con m\u00e1s de 60 a\u00f1os de experiencia en la fabricaci\u00f3n de autocaravanas, Elnagh acompa\u00f1a a los viajeros por todo el mundo. Sus autocaravanas son veh\u00edculos s\u00f3lidos y duraderos, fruto del saber hacer y la experiencia del equipo de producci\u00f3n. En 2013 Elnagh pas\u00f3 a formar parte del grupo Trigano y su producci\u00f3n de Trivolzio (Pav\u00eda) se traslad\u00f3 a la Toscana.<\/p>\n<p>En la actualidad, la gama Elnagh est\u00e1 compuesta por\u00a0<strong>autocaravanas integrales, capuchinas y perfiladas, y por pr\u00e1cticas y compactas furgonetas<\/strong>. Los puntos de venta cualificados que distribuyen la marca dan valor a\u00f1adido a la empresa que cuenta con\u00a0<strong>una red de ventas con m\u00e1s de 60 distribuidores en Italia y Europa<\/strong>.<\/p>\n<p>&nbsp;<\/p>\n<p><a href=\"https:\/\/www.trigano-sea.com\/00-en\/\"><img loading=\"lazy\" decoding=\"async\" class=\"wp-image-1480 aligncenter\" src=\"https:\/\/www.elnagh.com\/wp-content\/uploads\/2025\/02\/SCOPRI-DI-PIU-ES_a1800x900-300x83.png\" alt=\"\" width=\"672\" height=\"186\" srcset=\"https:\/\/www.elnagh.com\/wp-content\/uploads\/2025\/02\/SCOPRI-DI-PIU-ES_a1800x900-300x83.png 300w, https:\/\/www.elnagh.com\/wp-content\/uploads\/2025\/02\/SCOPRI-DI-PIU-ES_a1800x900-1024x285.png 1024w, https:\/\/www.elnagh.com\/wp-content\/uploads\/2025\/02\/SCOPRI-DI-PIU-ES_a1800x900-768x213.png 768w, https:\/\/www.elnagh.com\/wp-content\/uploads\/2025\/02\/SCOPRI-DI-PIU-ES_a1800x900-1536x427.png 1536w, https:\/\/www.elnagh.com\/wp-content\/uploads\/2025\/02\/SCOPRI-DI-PIU-ES_a1800x900-2048x569.png 2048w\" sizes=\"auto, (max-width: 672px) 100vw, 672px\" \/><\/a><\/p>\n","protected":false},"excerpt":{"rendered":"<p>ARQUITECTOS DE IDEAS Elnagh es parte integrante del sector de veh\u00edculos recreativos y, de hecho, con su desarrollo se ha adaptado a la evoluci\u00f3n de las vacaciones al aire libre y a sus muchos entusiastas. La atenci\u00f3n al detalle y el dise\u00f1o italiano son las caracter\u00edsticas estil\u00edsticas\u00a0de una empresa que se ha convertido en un &hellip; <a href=\"https:\/\/www.elnagh.com\/es\/sobre-nosotros\/\">Continued<\/a><\/p>\n","protected":false},"author":2,"featured_media":0,"parent":0,"menu_order":0,"comment_status":"closed","ping_status":"closed","template":"","meta":{"_acf_changed":false,"inline_featured_image":false,"footnotes":""},"class_list":["post-1476","page","type-page","status-publish","hentry"],"acf":[],"yoast_head":"<!-- This site is optimized with the Yoast SEO plugin v27.2 - https:\/\/yoast.com\/product\/yoast-seo-wordpress\/ -->\n<title>Sobre nosotros - Elnagh<\/title>\n<meta name=\"robots\" content=\"index, follow, max-snippet:-1, max-image-preview:large, max-video-preview:-1\" \/>\n<link rel=\"canonical\" href=\"https:\/\/www.elnagh.com\/es\/sobre-nosotros\/\" \/>\n<meta property=\"og:locale\" content=\"es_ES\" \/>\n<meta property=\"og:type\" content=\"article\" \/>\n<meta property=\"og:title\" content=\"Sobre nosotros - Elnagh\" \/>\n<meta property=\"og:description\" content=\"ARQUITECTOS DE IDEAS Elnagh es parte integrante del sector de veh\u00edculos recreativos y, de hecho, con su desarrollo se ha adaptado a la evoluci\u00f3n de las vacaciones al aire libre y a sus muchos entusiastas. La atenci\u00f3n al detalle y el dise\u00f1o italiano son las caracter\u00edsticas estil\u00edsticas\u00a0de una empresa que se ha convertido en un &hellip; Continued\" \/>\n<meta property=\"og:url\" content=\"https:\/\/www.elnagh.com\/es\/sobre-nosotros\/\" \/>\n<meta property=\"og:site_name\" content=\"Elnagh\" \/>\n<meta property=\"article:modified_time\" content=\"2025-02-05T15:11:33+00:00\" \/>\n<meta property=\"og:image\" content=\"https:\/\/www.elnagh.com\/wp-content\/uploads\/2025\/02\/Chi-siamo-ES_a1800x900-300x100.jpg\" \/>\n<meta name=\"twitter:card\" content=\"summary_large_image\" \/>\n<meta name=\"twitter:label1\" content=\"Tiempo de lectura\" \/>\n\t<meta name=\"twitter:data1\" content=\"3 minutos\" \/>\n<script type=\"application\/ld+json\" class=\"yoast-schema-graph\">{\"@context\":\"https:\/\/schema.org\",\"@graph\":[{\"@type\":\"WebPage\",\"@id\":\"https:\/\/www.elnagh.com\/es\/sobre-nosotros\/\",\"url\":\"https:\/\/www.elnagh.com\/es\/sobre-nosotros\/\",\"name\":\"Sobre nosotros - Elnagh\",\"isPartOf\":{\"@id\":\"https:\/\/www.elnagh.com\/es\/#website\"},\"primaryImageOfPage\":{\"@id\":\"https:\/\/www.elnagh.com\/es\/sobre-nosotros\/#primaryimage\"},\"image\":{\"@id\":\"https:\/\/www.elnagh.com\/es\/sobre-nosotros\/#primaryimage\"},\"thumbnailUrl\":\"https:\/\/www.elnagh.com\/wp-content\/uploads\/2025\/02\/Chi-siamo-ES_a1800x900-300x100.jpg\",\"datePublished\":\"2025-02-05T14:56:42+00:00\",\"dateModified\":\"2025-02-05T15:11:33+00:00\",\"breadcrumb\":{\"@id\":\"https:\/\/www.elnagh.com\/es\/sobre-nosotros\/#breadcrumb\"},\"inLanguage\":\"es\",\"potentialAction\":[{\"@type\":\"ReadAction\",\"target\":[\"https:\/\/www.elnagh.com\/es\/sobre-nosotros\/\"]}]},{\"@type\":\"ImageObject\",\"inLanguage\":\"es\",\"@id\":\"https:\/\/www.elnagh.com\/es\/sobre-nosotros\/#primaryimage\",\"url\":\"https:\/\/www.elnagh.com\/wp-content\/uploads\/2025\/02\/Chi-siamo-ES_a1800x900-300x100.jpg\",\"contentUrl\":\"https:\/\/www.elnagh.com\/wp-content\/uploads\/2025\/02\/Chi-siamo-ES_a1800x900-300x100.jpg\"},{\"@type\":\"BreadcrumbList\",\"@id\":\"https:\/\/www.elnagh.com\/es\/sobre-nosotros\/#breadcrumb\",\"itemListElement\":[{\"@type\":\"ListItem\",\"position\":1,\"name\":\"Home\",\"item\":\"https:\/\/www.elnagh.com\/es\/\"},{\"@type\":\"ListItem\",\"position\":2,\"name\":\"Sobre nosotros\"}]},{\"@type\":\"WebSite\",\"@id\":\"https:\/\/www.elnagh.com\/es\/#website\",\"url\":\"https:\/\/www.elnagh.com\/es\/\",\"name\":\"Elnagh\",\"description\":\"\",\"potentialAction\":[{\"@type\":\"SearchAction\",\"target\":{\"@type\":\"EntryPoint\",\"urlTemplate\":\"https:\/\/www.elnagh.com\/es\/?s={search_term_string}\"},\"query-input\":{\"@type\":\"PropertyValueSpecification\",\"valueRequired\":true,\"valueName\":\"search_term_string\"}}],\"inLanguage\":\"es\"}]}<\/script>\n<!-- \/ Yoast SEO plugin. -->","yoast_head_json":{"title":"Sobre nosotros - Elnagh","robots":{"index":"index","follow":"follow","max-snippet":"max-snippet:-1","max-image-preview":"max-image-preview:large","max-video-preview":"max-video-preview:-1"},"canonical":"https:\/\/www.elnagh.com\/es\/sobre-nosotros\/","og_locale":"es_ES","og_type":"article","og_title":"Sobre nosotros - Elnagh","og_description":"ARQUITECTOS DE IDEAS Elnagh es parte integrante del sector de veh\u00edculos recreativos y, de hecho, con su desarrollo se ha adaptado a la evoluci\u00f3n de las vacaciones al aire libre y a sus muchos entusiastas. La atenci\u00f3n al detalle y el dise\u00f1o italiano son las caracter\u00edsticas estil\u00edsticas\u00a0de una empresa que se ha convertido en un &hellip; Continued","og_url":"https:\/\/www.elnagh.com\/es\/sobre-nosotros\/","og_site_name":"Elnagh","article_modified_time":"2025-02-05T15:11:33+00:00","og_image":[{"url":"https:\/\/www.elnagh.com\/wp-content\/uploads\/2025\/02\/Chi-siamo-ES_a1800x900-300x100.jpg","type":"","width":"","height":""}],"twitter_card":"summary_large_image","twitter_misc":{"Tiempo de lectura":"3 minutos"},"schema":{"@context":"https:\/\/schema.org","@graph":[{"@type":"WebPage","@id":"https:\/\/www.elnagh.com\/es\/sobre-nosotros\/","url":"https:\/\/www.elnagh.com\/es\/sobre-nosotros\/","name":"Sobre nosotros - Elnagh","isPartOf":{"@id":"https:\/\/www.elnagh.com\/es\/#website"},"primaryImageOfPage":{"@id":"https:\/\/www.elnagh.com\/es\/sobre-nosotros\/#primaryimage"},"image":{"@id":"https:\/\/www.elnagh.com\/es\/sobre-nosotros\/#primaryimage"},"thumbnailUrl":"https:\/\/www.elnagh.com\/wp-content\/uploads\/2025\/02\/Chi-siamo-ES_a1800x900-300x100.jpg","datePublished":"2025-02-05T14:56:42+00:00","dateModified":"2025-02-05T15:11:33+00:00","breadcrumb":{"@id":"https:\/\/www.elnagh.com\/es\/sobre-nosotros\/#breadcrumb"},"inLanguage":"es","potentialAction":[{"@type":"ReadAction","target":["https:\/\/www.elnagh.com\/es\/sobre-nosotros\/"]}]},{"@type":"ImageObject","inLanguage":"es","@id":"https:\/\/www.elnagh.com\/es\/sobre-nosotros\/#primaryimage","url":"https:\/\/www.elnagh.com\/wp-content\/uploads\/2025\/02\/Chi-siamo-ES_a1800x900-300x100.jpg","contentUrl":"https:\/\/www.elnagh.com\/wp-content\/uploads\/2025\/02\/Chi-siamo-ES_a1800x900-300x100.jpg"},{"@type":"BreadcrumbList","@id":"https:\/\/www.elnagh.com\/es\/sobre-nosotros\/#breadcrumb","itemListElement":[{"@type":"ListItem","position":1,"name":"Home","item":"https:\/\/www.elnagh.com\/es\/"},{"@type":"ListItem","position":2,"name":"Sobre nosotros"}]},{"@type":"WebSite","@id":"https:\/\/www.elnagh.com\/es\/#website","url":"https:\/\/www.elnagh.com\/es\/","name":"Elnagh","description":"","potentialAction":[{"@type":"SearchAction","target":{"@type":"EntryPoint","urlTemplate":"https:\/\/www.elnagh.com\/es\/?s={search_term_string}"},"query-input":{"@type":"PropertyValueSpecification","valueRequired":true,"valueName":"search_term_string"}}],"inLanguage":"es"}]}},"_links":{"self":[{"href":"https:\/\/www.elnagh.com\/es\/wp-json\/wp\/v2\/pages\/1476","targetHints":{"allow":["GET"]}}],"collection":[{"href":"https:\/\/www.elnagh.com\/es\/wp-json\/wp\/v2\/pages"}],"about":[{"href":"https:\/\/www.elnagh.com\/es\/wp-json\/wp\/v2\/types\/page"}],"author":[{"embeddable":true,"href":"https:\/\/www.elnagh.com\/es\/wp-json\/wp\/v2\/users\/2"}],"replies":[{"embeddable":true,"href":"https:\/\/www.elnagh.com\/es\/wp-json\/wp\/v2\/comments?post=1476"}],"version-history":[{"count":1,"href":"https:\/\/www.elnagh.com\/es\/wp-json\/wp\/v2\/pages\/1476\/revisions"}],"predecessor-version":[{"id":1483,"href":"https:\/\/www.elnagh.com\/es\/wp-json\/wp\/v2\/pages\/1476\/revisions\/1483"}],"wp:attachment":[{"href":"https:\/\/www.elnagh.com\/es\/wp-json\/wp\/v2\/media?parent=1476"}],"curies":[{"name":"wp","href":"https:\/\/api.w.org\/{rel}","templated":true}]}}