{"id":3790,"date":"2025-02-21T16:20:10","date_gmt":"2025-02-21T15:20:10","guid":{"rendered":"https:\/\/www.elnagh.com\/?page_id=3790"},"modified":"2025-10-08T12:31:54","modified_gmt":"2025-10-08T10:31:54","slug":"user-and-maintenance-manual","status":"publish","type":"page","link":"https:\/\/www.elnagh.com\/de\/user-and-maintenance-manual\/","title":{"rendered":"USER AND MAINTENANCE MANUAL"},"content":{"rendered":"<h1>USER AND MAINTENANCE MANUAL<\/h1>\n<p>&nbsp;<\/p>\n<p>Van &gt;&gt; <a href=\"https:\/\/www.elnagh.com\/wp-content\/uploads\/2025\/09\/VAN.pdf\">VAN<\/a><\/p>\n<p>Motorhome 2025 und 2026 REV.1 Choose your language and download the manual:<\/p>\n<p><a href=\"https:\/\/www.elnagh.com\/wp-content\/uploads\/2025\/03\/BUL-\u0420\u044a\u043a\u043e\u0432\u043e\u0434\u0441\u0442\u0432\u043e-\u0437\u0430-\u0443\u043f\u043e\u0442\u0440\u0435\u0431\u0430-\u0438-\u043f\u043e\u0434\u0434\u0440\u044a\u0436\u043a\u0430.pdf\">BUL-\u0420\u044a\u043a\u043e\u0432\u043e\u0434\u0441\u0442\u0432\u043e \u0437\u0430 \u0443\u043f\u043e\u0442\u0440\u0435\u0431\u0430 \u0438 \u043f\u043e\u0434\u0434\u0440\u044a\u0436\u043a\u0430<\/a><\/p>\n<p><a href=\"https:\/\/www.elnagh.com\/wp-content\/uploads\/2025\/03\/CZE-Navod-k-pouziti-a-udrzbe.pdf\">CZE-N\u00e1vod k pou\u017eit\u00ed a \u00fadr\u017eb\u011b<\/a><\/p>\n<p><a href=\"https:\/\/www.elnagh.com\/wp-content\/uploads\/2025\/03\/DAN-Brugs-og-vedligeholdelsesvejledning.pdf\">DAN-Brugs- og vedligeholdelsesvejledning<\/a><\/p>\n<p><a href=\"https:\/\/www.elnagh.com\/wp-content\/uploads\/2025\/03\/DEU-Betriebs-und-Wartungsanleitung.pdf\">DEU-Betriebs und Wartungsanleitung<\/a><\/p>\n<p><a href=\"https:\/\/www.elnagh.com\/wp-content\/uploads\/2025\/03\/DUT-Gebruiks-en-onderhoudshandleiding.pdf\">DUT-Gebruiks- en onderhoudshandleiding<\/a><\/p>\n<p><a href=\"https:\/\/www.elnagh.com\/wp-content\/uploads\/2025\/03\/ENG-Use-and-Maintenance-Manual.pdf\">ENG-Use and Maintenance Manual<\/a><\/p>\n<p><a href=\"https:\/\/www.elnagh.com\/wp-content\/uploads\/2025\/03\/EST-Kasutus-ja-hooldusjuhend.pdf\">EST-Kasutus- ja hooldusjuhend<\/a><\/p>\n<p><a href=\"https:\/\/www.elnagh.com\/wp-content\/uploads\/2025\/03\/FIN-Kaytto-ja-huolto-opas.pdf\">FIN-K\u00e4ytt\u00f6- ja huolto-opas<\/a><\/p>\n<p><a href=\"https:\/\/www.elnagh.com\/wp-content\/uploads\/2025\/03\/FRA-Manuel-dUtilisation-et-dEntretien.pdf\">FRA-Manuel d\u2019Utilisation et d\u2019Entretien<\/a><\/p>\n<p><a href=\"https:\/\/www.elnagh.com\/wp-content\/uploads\/2025\/03\/HRV-Prirucnik-za-uporabu-i-odrzavanje.pdf\">HRV-Priru\u010dnik za uporabu i odr\u017eavanje<\/a><\/p>\n<p><a href=\"https:\/\/www.elnagh.com\/wp-content\/uploads\/2025\/03\/HUN-Hasznalati-es-karbantartasi-utmutato.pdf\">HUN-Haszn\u00e1lati \u00e9s karbantart\u00e1si \u00fatmutat\u00f3<\/a><\/p>\n<p><a href=\"https:\/\/www.elnagh.com\/wp-content\/uploads\/2025\/03\/NLD-Handleiding-voor-gebruik-en-onderhoud.pdf\">NLD-Handleiding voor gebruik en onderhoud<\/a><\/p>\n<p><a href=\"https:\/\/www.elnagh.com\/wp-content\/uploads\/2025\/03\/NOB-Handbok-for-bruk-og-vedlikehold.pdf\">NOB-H\u00e5ndbok for bruk og vedlikehold<\/a><\/p>\n<p><a href=\"https:\/\/www.elnagh.com\/wp-content\/uploads\/2025\/03\/POL-Instrukcja-obslugi-i-konserwacji.pdf\">POL-Instrukcja obs\u0142ugi i konserwacji<\/a><\/p>\n<p><a href=\"https:\/\/www.elnagh.com\/wp-content\/uploads\/2025\/03\/POR-Manual-de-Uso-e-Manutencao.pdf\">POR-Manual de Uso e Manuten\u00e7\u00e3o<\/a><\/p>\n<p><a href=\"https:\/\/www.elnagh.com\/wp-content\/uploads\/2025\/03\/SLK-Navod-na-pouzivanie-a-udrzbu.pdf\">SLK-N\u00e1vod na pou\u017e\u00edvanie a \u00fadr\u017ebu<\/a><\/p>\n<p><a href=\"https:\/\/www.elnagh.com\/wp-content\/uploads\/2025\/03\/SLV-Prirocnik-za-uporabo-in-vzdrzevanje.pdf\">SLV-Priro\u010dnik za uporabo in vzdr\u017eevanje<\/a><\/p>\n<p><a href=\"https:\/\/www.elnagh.com\/wp-content\/uploads\/2025\/03\/SWE-Bruks-och-underhallsmanual.pdf\">SWE-Bruks- och underh\u00e5llsmanual<\/a><\/p>\n<p>&nbsp;<\/p>\n","protected":false},"excerpt":{"rendered":"<p>USER AND MAINTENANCE MANUAL &nbsp; Van &gt;&gt; VAN Motorhome 2025 und 2026 REV.1 Choose your language and download the manual: BUL-\u0420\u044a\u043a\u043e\u0432\u043e\u0434\u0441\u0442\u0432\u043e \u0437\u0430 \u0443\u043f\u043e\u0442\u0440\u0435\u0431\u0430 \u0438 \u043f\u043e\u0434\u0434\u0440\u044a\u0436\u043a\u0430 CZE-N\u00e1vod k pou\u017eit\u00ed a \u00fadr\u017eb\u011b DAN-Brugs- og vedligeholdelsesvejledning DEU-Betriebs und Wartungsanleitung DUT-Gebruiks- en onderhoudshandleiding ENG-Use and Maintenance Manual EST-Kasutus- ja hooldusjuhend FIN-K\u00e4ytt\u00f6- ja huolto-opas FRA-Manuel d\u2019Utilisation et d\u2019Entretien HRV-Priru\u010dnik za &hellip; <a href=\"https:\/\/www.elnagh.com\/de\/user-and-maintenance-manual\/\">Continued<\/a><\/p>\n","protected":false},"author":9,"featured_media":0,"parent":0,"menu_order":0,"comment_status":"closed","ping_status":"closed","template":"","meta":{"_acf_changed":false,"inline_featured_image":false,"footnotes":""},"class_list":["post-3790","page","type-page","status-publish","hentry"],"acf":[],"yoast_head":"<!-- This site is optimized with the Yoast SEO plugin v27.2 - https:\/\/yoast.com\/product\/yoast-seo-wordpress\/ -->\n<title>USER AND MAINTENANCE MANUAL - Elnagh<\/title>\n<meta name=\"robots\" content=\"index, follow, max-snippet:-1, max-image-preview:large, max-video-preview:-1\" \/>\n<link rel=\"canonical\" href=\"https:\/\/www.elnagh.com\/de\/user-and-maintenance-manual\/\" \/>\n<meta property=\"og:locale\" content=\"de_DE\" \/>\n<meta property=\"og:type\" content=\"article\" \/>\n<meta property=\"og:title\" content=\"USER AND MAINTENANCE MANUAL - Elnagh\" \/>\n<meta property=\"og:description\" content=\"USER AND MAINTENANCE MANUAL &nbsp; Van &gt;&gt; VAN Motorhome 2025 und 2026 REV.1 Choose your language and download the manual: BUL-\u0420\u044a\u043a\u043e\u0432\u043e\u0434\u0441\u0442\u0432\u043e \u0437\u0430 \u0443\u043f\u043e\u0442\u0440\u0435\u0431\u0430 \u0438 \u043f\u043e\u0434\u0434\u0440\u044a\u0436\u043a\u0430 CZE-N\u00e1vod k pou\u017eit\u00ed a \u00fadr\u017eb\u011b DAN-Brugs- og vedligeholdelsesvejledning DEU-Betriebs und Wartungsanleitung DUT-Gebruiks- en onderhoudshandleiding ENG-Use and Maintenance Manual EST-Kasutus- ja hooldusjuhend FIN-K\u00e4ytt\u00f6- ja huolto-opas FRA-Manuel d\u2019Utilisation et d\u2019Entretien HRV-Priru\u010dnik za &hellip; Continued\" \/>\n<meta property=\"og:url\" content=\"https:\/\/www.elnagh.com\/de\/user-and-maintenance-manual\/\" \/>\n<meta property=\"og:site_name\" content=\"Elnagh\" \/>\n<meta property=\"article:modified_time\" content=\"2025-10-08T10:31:54+00:00\" \/>\n<meta name=\"twitter:card\" content=\"summary_large_image\" \/>\n<meta name=\"twitter:label1\" content=\"Gesch\u00e4tzte Lesezeit\" \/>\n\t<meta name=\"twitter:data1\" content=\"1\u00a0Minute\" \/>\n<script type=\"application\/ld+json\" class=\"yoast-schema-graph\">{\"@context\":\"https:\/\/schema.org\",\"@graph\":[{\"@type\":\"WebPage\",\"@id\":\"https:\/\/www.elnagh.com\/de\/user-and-maintenance-manual\/\",\"url\":\"https:\/\/www.elnagh.com\/de\/user-and-maintenance-manual\/\",\"name\":\"USER AND MAINTENANCE MANUAL - Elnagh\",\"isPartOf\":{\"@id\":\"https:\/\/www.elnagh.com\/de\/#website\"},\"datePublished\":\"2025-02-21T15:20:10+00:00\",\"dateModified\":\"2025-10-08T10:31:54+00:00\",\"breadcrumb\":{\"@id\":\"https:\/\/www.elnagh.com\/de\/user-and-maintenance-manual\/#breadcrumb\"},\"inLanguage\":\"de\",\"potentialAction\":[{\"@type\":\"ReadAction\",\"target\":[\"https:\/\/www.elnagh.com\/de\/user-and-maintenance-manual\/\"]}]},{\"@type\":\"BreadcrumbList\",\"@id\":\"https:\/\/www.elnagh.com\/de\/user-and-maintenance-manual\/#breadcrumb\",\"itemListElement\":[{\"@type\":\"ListItem\",\"position\":1,\"name\":\"Home\",\"item\":\"https:\/\/www.elnagh.com\/de\/\"},{\"@type\":\"ListItem\",\"position\":2,\"name\":\"USER AND MAINTENANCE MANUAL\"}]},{\"@type\":\"WebSite\",\"@id\":\"https:\/\/www.elnagh.com\/de\/#website\",\"url\":\"https:\/\/www.elnagh.com\/de\/\",\"name\":\"Elnagh\",\"description\":\"\",\"potentialAction\":[{\"@type\":\"SearchAction\",\"target\":{\"@type\":\"EntryPoint\",\"urlTemplate\":\"https:\/\/www.elnagh.com\/de\/?s={search_term_string}\"},\"query-input\":{\"@type\":\"PropertyValueSpecification\",\"valueRequired\":true,\"valueName\":\"search_term_string\"}}],\"inLanguage\":\"de\"}]}<\/script>\n<!-- \/ Yoast SEO plugin. -->","yoast_head_json":{"title":"USER AND MAINTENANCE MANUAL - Elnagh","robots":{"index":"index","follow":"follow","max-snippet":"max-snippet:-1","max-image-preview":"max-image-preview:large","max-video-preview":"max-video-preview:-1"},"canonical":"https:\/\/www.elnagh.com\/de\/user-and-maintenance-manual\/","og_locale":"de_DE","og_type":"article","og_title":"USER AND MAINTENANCE MANUAL - Elnagh","og_description":"USER AND MAINTENANCE MANUAL &nbsp; Van &gt;&gt; VAN Motorhome 2025 und 2026 REV.1 Choose your language and download the manual: BUL-\u0420\u044a\u043a\u043e\u0432\u043e\u0434\u0441\u0442\u0432\u043e \u0437\u0430 \u0443\u043f\u043e\u0442\u0440\u0435\u0431\u0430 \u0438 \u043f\u043e\u0434\u0434\u0440\u044a\u0436\u043a\u0430 CZE-N\u00e1vod k pou\u017eit\u00ed a \u00fadr\u017eb\u011b DAN-Brugs- og vedligeholdelsesvejledning DEU-Betriebs und Wartungsanleitung DUT-Gebruiks- en onderhoudshandleiding ENG-Use and Maintenance Manual EST-Kasutus- ja hooldusjuhend FIN-K\u00e4ytt\u00f6- ja huolto-opas FRA-Manuel d\u2019Utilisation et d\u2019Entretien HRV-Priru\u010dnik za &hellip; Continued","og_url":"https:\/\/www.elnagh.com\/de\/user-and-maintenance-manual\/","og_site_name":"Elnagh","article_modified_time":"2025-10-08T10:31:54+00:00","twitter_card":"summary_large_image","twitter_misc":{"Gesch\u00e4tzte Lesezeit":"1\u00a0Minute"},"schema":{"@context":"https:\/\/schema.org","@graph":[{"@type":"WebPage","@id":"https:\/\/www.elnagh.com\/de\/user-and-maintenance-manual\/","url":"https:\/\/www.elnagh.com\/de\/user-and-maintenance-manual\/","name":"USER AND MAINTENANCE MANUAL - Elnagh","isPartOf":{"@id":"https:\/\/www.elnagh.com\/de\/#website"},"datePublished":"2025-02-21T15:20:10+00:00","dateModified":"2025-10-08T10:31:54+00:00","breadcrumb":{"@id":"https:\/\/www.elnagh.com\/de\/user-and-maintenance-manual\/#breadcrumb"},"inLanguage":"de","potentialAction":[{"@type":"ReadAction","target":["https:\/\/www.elnagh.com\/de\/user-and-maintenance-manual\/"]}]},{"@type":"BreadcrumbList","@id":"https:\/\/www.elnagh.com\/de\/user-and-maintenance-manual\/#breadcrumb","itemListElement":[{"@type":"ListItem","position":1,"name":"Home","item":"https:\/\/www.elnagh.com\/de\/"},{"@type":"ListItem","position":2,"name":"USER AND MAINTENANCE MANUAL"}]},{"@type":"WebSite","@id":"https:\/\/www.elnagh.com\/de\/#website","url":"https:\/\/www.elnagh.com\/de\/","name":"Elnagh","description":"","potentialAction":[{"@type":"SearchAction","target":{"@type":"EntryPoint","urlTemplate":"https:\/\/www.elnagh.com\/de\/?s={search_term_string}"},"query-input":{"@type":"PropertyValueSpecification","valueRequired":true,"valueName":"search_term_string"}}],"inLanguage":"de"}]}},"_links":{"self":[{"href":"https:\/\/www.elnagh.com\/de\/wp-json\/wp\/v2\/pages\/3790","targetHints":{"allow":["GET"]}}],"collection":[{"href":"https:\/\/www.elnagh.com\/de\/wp-json\/wp\/v2\/pages"}],"about":[{"href":"https:\/\/www.elnagh.com\/de\/wp-json\/wp\/v2\/types\/page"}],"author":[{"embeddable":true,"href":"https:\/\/www.elnagh.com\/de\/wp-json\/wp\/v2\/users\/9"}],"replies":[{"embeddable":true,"href":"https:\/\/www.elnagh.com\/de\/wp-json\/wp\/v2\/comments?post=3790"}],"version-history":[{"count":4,"href":"https:\/\/www.elnagh.com\/de\/wp-json\/wp\/v2\/pages\/3790\/revisions"}],"predecessor-version":[{"id":5213,"href":"https:\/\/www.elnagh.com\/de\/wp-json\/wp\/v2\/pages\/3790\/revisions\/5213"}],"wp:attachment":[{"href":"https:\/\/www.elnagh.com\/de\/wp-json\/wp\/v2\/media?parent=3790"}],"curies":[{"name":"wp","href":"https:\/\/api.w.org\/{rel}","templated":true}]}}