{"id":3744,"date":"2025-02-05T15:56:42","date_gmt":"2025-02-05T14:56:42","guid":{"rendered":"https:\/\/www.elnagh.com\/?page_id=3744"},"modified":"2025-07-08T14:56:06","modified_gmt":"2025-07-08T12:56:06","slug":"about-us-de","status":"publish","type":"page","link":"https:\/\/www.elnagh.com\/de\/about-us-de\/","title":{"rendered":"About us"},"content":{"rendered":"<h3><b>ARCHITEKTEN DER IDEEN<\/b><\/h3>\n<p>Elnagh ist ein bedeutender Akteur im Bereich der Freizeitfahrzeuge, der sich im Laufe der Zeit entsprechend den Bed\u00fcrfnissen der vielen Liebhaber von Urlaub unter freiem Himmel weiterentwickelt hat.<\/p>\n<p><b>Liebe zum Detail und italienisches Design<\/b> sind die Stilmerkmale, die f\u00fcr Camper zum Ma\u00dfstab geworden sind, denn jedes Produkt bringt die spezifischen Eigenschaften, f\u00fcr die es konzipiert wurde, klar zum Ausdruck. Elnagh kreiert und erforscht das Konzept \u201eOn the Road\u201c und bietet <b>funktionale und elegante L\u00f6sungen<\/b> mit einer Sorgfalt in der Konstruktion, die nur jahrzehntelange Erfahrung bieten kann.<\/p>\n<p>Elnagh ist die Marke f\u00fcr Kunden, die praktische und funktionale L\u00f6sungen suchen, Sch\u00f6nheit und Zweckm\u00e4\u00dfigkeit, die sich in einer Vielzahl gro\u00dfartiger Ausst<\/p>\n<h3><b>SMARTE L\u00d6SUNGEN F\u00dcR DEN ALLTAG AN BORD<\/b><\/h3>\n<p>F\u00fcr Elnagh ist Design Substanz. Der Grundriss seiner Wohnmobile ist auf Praktikabilit\u00e4t und optimale Raumnutzung ausgelegt.<\/p>\n<p>Einfache und geniale L\u00f6sungen, die das Leben komfortabler, sicherer und praktischer machen, sind in einem Elnagh-Wohnmobil leicht zu finden. <b>Ein sch\u00f6ner und funktionaler Stil<\/b>, ohne auf Komfort verzichten zu m\u00fcssen, ist f\u00fcr jedermann erschwinglich.<\/p>\n<p>Die Wohnmobile von Elnagh zeichnen sich durch <b>praktische Grundrisse aus, die auch stilvoll<\/b> sind und den Wohnkomfort in den Vordergrund stellen. Es sind Produkte, die sich \u00fcber lange Zeit bew\u00e4hren, ohne jemals aus der Mode zu kommen, sodass sie stolz eine <b>10-j\u00e4hrige Garantie gegen Undichtigkeiten<\/b> bieten k\u00f6nnen.<\/p>\n<h3><b>SEIT \u00dcBER 60 JAHREN AUF DEN STRASSEN DER WELT<\/b><\/h3>\n<p>Mit \u00fcber 60 Jahren Erfahrung in der Herstellung von Wohnmobilen begleitet Elnagh Urlauber weltweit. Die Wohnmobile sind solide und langlebige Fahrzeuge, die das Ergebnis der Kompetenz und Erfahrung des Produktionsteams sind. Elnagh wurde 2013 Teil der Trigano-Gruppe und die Produktion wurde von Trivolzio (PV) in die Toskana verlegt.<\/p>\n<p>Das Elnagh-Sortiment umfasst heute Wohnmobile, Alkoven, Wohnwagen und praktische, kompakte Transporter. Das qualifizierte Vertriebsnetz der Marke ist ein zus\u00e4tzlicher Mehrwert und umfasst \u00fcber 60 qualifizierte H\u00e4ndler in Italien und Europa.<\/p>\n<p><img loading=\"lazy\" decoding=\"async\" class=\"wp-image-4955 aligncenter\" src=\"https:\/\/www.elnagh.com\/wp-content\/uploads\/2025\/07\/ELNAGH-MAGNUM-AMB-149-300x200.jpg\" alt=\"\" width=\"770\" height=\"513\" srcset=\"https:\/\/www.elnagh.com\/wp-content\/uploads\/2025\/07\/ELNAGH-MAGNUM-AMB-149-300x200.jpg 300w, https:\/\/www.elnagh.com\/wp-content\/uploads\/2025\/07\/ELNAGH-MAGNUM-AMB-149-1024x683.jpg 1024w, https:\/\/www.elnagh.com\/wp-content\/uploads\/2025\/07\/ELNAGH-MAGNUM-AMB-149-768x512.jpg 768w, https:\/\/www.elnagh.com\/wp-content\/uploads\/2025\/07\/ELNAGH-MAGNUM-AMB-149-1536x1024.jpg 1536w, https:\/\/www.elnagh.com\/wp-content\/uploads\/2025\/07\/ELNAGH-MAGNUM-AMB-149.jpg 1920w\" sizes=\"auto, (max-width: 770px) 100vw, 770px\" \/><\/p>\n","protected":false},"excerpt":{"rendered":"<p>ARCHITEKTEN DER IDEEN Elnagh ist ein bedeutender Akteur im Bereich der Freizeitfahrzeuge, der sich im Laufe der Zeit entsprechend den Bed\u00fcrfnissen der vielen Liebhaber von Urlaub unter freiem Himmel weiterentwickelt hat. Liebe zum Detail und italienisches Design sind die Stilmerkmale, die f\u00fcr Camper zum Ma\u00dfstab geworden sind, denn jedes Produkt bringt die spezifischen Eigenschaften, f\u00fcr &hellip; <a href=\"https:\/\/www.elnagh.com\/de\/about-us-de\/\">Continued<\/a><\/p>\n","protected":false},"author":9,"featured_media":0,"parent":0,"menu_order":0,"comment_status":"closed","ping_status":"closed","template":"","meta":{"_acf_changed":false,"inline_featured_image":false,"footnotes":""},"class_list":["post-3744","page","type-page","status-publish","hentry"],"acf":[],"yoast_head":"<!-- This site is optimized with the Yoast SEO plugin v27.2 - https:\/\/yoast.com\/product\/yoast-seo-wordpress\/ -->\n<title>About us - Elnagh<\/title>\n<meta name=\"robots\" content=\"index, follow, max-snippet:-1, max-image-preview:large, max-video-preview:-1\" \/>\n<link rel=\"canonical\" href=\"https:\/\/www.elnagh.com\/de\/about-us-de\/\" \/>\n<meta property=\"og:locale\" content=\"de_DE\" \/>\n<meta property=\"og:type\" content=\"article\" \/>\n<meta property=\"og:title\" content=\"About us - Elnagh\" \/>\n<meta property=\"og:description\" content=\"ARCHITEKTEN DER IDEEN Elnagh ist ein bedeutender Akteur im Bereich der Freizeitfahrzeuge, der sich im Laufe der Zeit entsprechend den Bed\u00fcrfnissen der vielen Liebhaber von Urlaub unter freiem Himmel weiterentwickelt hat. Liebe zum Detail und italienisches Design sind die Stilmerkmale, die f\u00fcr Camper zum Ma\u00dfstab geworden sind, denn jedes Produkt bringt die spezifischen Eigenschaften, f\u00fcr &hellip; Continued\" \/>\n<meta property=\"og:url\" content=\"https:\/\/www.elnagh.com\/de\/about-us-de\/\" \/>\n<meta property=\"og:site_name\" content=\"Elnagh\" \/>\n<meta property=\"article:modified_time\" content=\"2025-07-08T12:56:06+00:00\" \/>\n<meta property=\"og:image\" content=\"https:\/\/www.elnagh.com\/wp-content\/uploads\/2025\/07\/ELNAGH-MAGNUM-AMB-149-300x200.jpg\" \/>\n<meta name=\"twitter:card\" content=\"summary_large_image\" \/>\n<meta name=\"twitter:label1\" content=\"Gesch\u00e4tzte Lesezeit\" \/>\n\t<meta name=\"twitter:data1\" content=\"2\u00a0Minuten\" \/>\n<script type=\"application\/ld+json\" class=\"yoast-schema-graph\">{\"@context\":\"https:\/\/schema.org\",\"@graph\":[{\"@type\":\"WebPage\",\"@id\":\"https:\/\/www.elnagh.com\/de\/about-us-de\/\",\"url\":\"https:\/\/www.elnagh.com\/de\/about-us-de\/\",\"name\":\"About us - Elnagh\",\"isPartOf\":{\"@id\":\"https:\/\/www.elnagh.com\/de\/#website\"},\"primaryImageOfPage\":{\"@id\":\"https:\/\/www.elnagh.com\/de\/about-us-de\/#primaryimage\"},\"image\":{\"@id\":\"https:\/\/www.elnagh.com\/de\/about-us-de\/#primaryimage\"},\"thumbnailUrl\":\"https:\/\/www.elnagh.com\/wp-content\/uploads\/2025\/07\/ELNAGH-MAGNUM-AMB-149-300x200.jpg\",\"datePublished\":\"2025-02-05T14:56:42+00:00\",\"dateModified\":\"2025-07-08T12:56:06+00:00\",\"breadcrumb\":{\"@id\":\"https:\/\/www.elnagh.com\/de\/about-us-de\/#breadcrumb\"},\"inLanguage\":\"de\",\"potentialAction\":[{\"@type\":\"ReadAction\",\"target\":[\"https:\/\/www.elnagh.com\/de\/about-us-de\/\"]}]},{\"@type\":\"ImageObject\",\"inLanguage\":\"de\",\"@id\":\"https:\/\/www.elnagh.com\/de\/about-us-de\/#primaryimage\",\"url\":\"https:\/\/www.elnagh.com\/wp-content\/uploads\/2025\/07\/ELNAGH-MAGNUM-AMB-149-300x200.jpg\",\"contentUrl\":\"https:\/\/www.elnagh.com\/wp-content\/uploads\/2025\/07\/ELNAGH-MAGNUM-AMB-149-300x200.jpg\"},{\"@type\":\"BreadcrumbList\",\"@id\":\"https:\/\/www.elnagh.com\/de\/about-us-de\/#breadcrumb\",\"itemListElement\":[{\"@type\":\"ListItem\",\"position\":1,\"name\":\"Home\",\"item\":\"https:\/\/www.elnagh.com\/de\/\"},{\"@type\":\"ListItem\",\"position\":2,\"name\":\"About us\"}]},{\"@type\":\"WebSite\",\"@id\":\"https:\/\/www.elnagh.com\/de\/#website\",\"url\":\"https:\/\/www.elnagh.com\/de\/\",\"name\":\"Elnagh\",\"description\":\"\",\"potentialAction\":[{\"@type\":\"SearchAction\",\"target\":{\"@type\":\"EntryPoint\",\"urlTemplate\":\"https:\/\/www.elnagh.com\/de\/?s={search_term_string}\"},\"query-input\":{\"@type\":\"PropertyValueSpecification\",\"valueRequired\":true,\"valueName\":\"search_term_string\"}}],\"inLanguage\":\"de\"}]}<\/script>\n<!-- \/ Yoast SEO plugin. -->","yoast_head_json":{"title":"About us - Elnagh","robots":{"index":"index","follow":"follow","max-snippet":"max-snippet:-1","max-image-preview":"max-image-preview:large","max-video-preview":"max-video-preview:-1"},"canonical":"https:\/\/www.elnagh.com\/de\/about-us-de\/","og_locale":"de_DE","og_type":"article","og_title":"About us - Elnagh","og_description":"ARCHITEKTEN DER IDEEN Elnagh ist ein bedeutender Akteur im Bereich der Freizeitfahrzeuge, der sich im Laufe der Zeit entsprechend den Bed\u00fcrfnissen der vielen Liebhaber von Urlaub unter freiem Himmel weiterentwickelt hat. Liebe zum Detail und italienisches Design sind die Stilmerkmale, die f\u00fcr Camper zum Ma\u00dfstab geworden sind, denn jedes Produkt bringt die spezifischen Eigenschaften, f\u00fcr &hellip; Continued","og_url":"https:\/\/www.elnagh.com\/de\/about-us-de\/","og_site_name":"Elnagh","article_modified_time":"2025-07-08T12:56:06+00:00","og_image":[{"url":"https:\/\/www.elnagh.com\/wp-content\/uploads\/2025\/07\/ELNAGH-MAGNUM-AMB-149-300x200.jpg","type":"","width":"","height":""}],"twitter_card":"summary_large_image","twitter_misc":{"Gesch\u00e4tzte Lesezeit":"2\u00a0Minuten"},"schema":{"@context":"https:\/\/schema.org","@graph":[{"@type":"WebPage","@id":"https:\/\/www.elnagh.com\/de\/about-us-de\/","url":"https:\/\/www.elnagh.com\/de\/about-us-de\/","name":"About us - Elnagh","isPartOf":{"@id":"https:\/\/www.elnagh.com\/de\/#website"},"primaryImageOfPage":{"@id":"https:\/\/www.elnagh.com\/de\/about-us-de\/#primaryimage"},"image":{"@id":"https:\/\/www.elnagh.com\/de\/about-us-de\/#primaryimage"},"thumbnailUrl":"https:\/\/www.elnagh.com\/wp-content\/uploads\/2025\/07\/ELNAGH-MAGNUM-AMB-149-300x200.jpg","datePublished":"2025-02-05T14:56:42+00:00","dateModified":"2025-07-08T12:56:06+00:00","breadcrumb":{"@id":"https:\/\/www.elnagh.com\/de\/about-us-de\/#breadcrumb"},"inLanguage":"de","potentialAction":[{"@type":"ReadAction","target":["https:\/\/www.elnagh.com\/de\/about-us-de\/"]}]},{"@type":"ImageObject","inLanguage":"de","@id":"https:\/\/www.elnagh.com\/de\/about-us-de\/#primaryimage","url":"https:\/\/www.elnagh.com\/wp-content\/uploads\/2025\/07\/ELNAGH-MAGNUM-AMB-149-300x200.jpg","contentUrl":"https:\/\/www.elnagh.com\/wp-content\/uploads\/2025\/07\/ELNAGH-MAGNUM-AMB-149-300x200.jpg"},{"@type":"BreadcrumbList","@id":"https:\/\/www.elnagh.com\/de\/about-us-de\/#breadcrumb","itemListElement":[{"@type":"ListItem","position":1,"name":"Home","item":"https:\/\/www.elnagh.com\/de\/"},{"@type":"ListItem","position":2,"name":"About us"}]},{"@type":"WebSite","@id":"https:\/\/www.elnagh.com\/de\/#website","url":"https:\/\/www.elnagh.com\/de\/","name":"Elnagh","description":"","potentialAction":[{"@type":"SearchAction","target":{"@type":"EntryPoint","urlTemplate":"https:\/\/www.elnagh.com\/de\/?s={search_term_string}"},"query-input":{"@type":"PropertyValueSpecification","valueRequired":true,"valueName":"search_term_string"}}],"inLanguage":"de"}]}},"_links":{"self":[{"href":"https:\/\/www.elnagh.com\/de\/wp-json\/wp\/v2\/pages\/3744","targetHints":{"allow":["GET"]}}],"collection":[{"href":"https:\/\/www.elnagh.com\/de\/wp-json\/wp\/v2\/pages"}],"about":[{"href":"https:\/\/www.elnagh.com\/de\/wp-json\/wp\/v2\/types\/page"}],"author":[{"embeddable":true,"href":"https:\/\/www.elnagh.com\/de\/wp-json\/wp\/v2\/users\/9"}],"replies":[{"embeddable":true,"href":"https:\/\/www.elnagh.com\/de\/wp-json\/wp\/v2\/comments?post=3744"}],"version-history":[{"count":6,"href":"https:\/\/www.elnagh.com\/de\/wp-json\/wp\/v2\/pages\/3744\/revisions"}],"predecessor-version":[{"id":4964,"href":"https:\/\/www.elnagh.com\/de\/wp-json\/wp\/v2\/pages\/3744\/revisions\/4964"}],"wp:attachment":[{"href":"https:\/\/www.elnagh.com\/de\/wp-json\/wp\/v2\/media?parent=3744"}],"curies":[{"name":"wp","href":"https:\/\/api.w.org\/{rel}","templated":true}]}}